{"id":184,"date":"2021-07-16T11:12:12","date_gmt":"2021-07-16T11:12:12","guid":{"rendered":"http:\/\/localhost\/?page_id=184"},"modified":"2024-05-29T13:16:32","modified_gmt":"2024-05-29T13:16:32","slug":"services","status":"publish","type":"page","link":"https:\/\/bastideramatuelle.com\/fr\/services\/","title":{"rendered":"Services"},"content":{"rendered":"\t\t<div data-elementor-type=\"wp-page\" data-elementor-id=\"184\" class=\"elementor elementor-184\">\n\t\t\t\t\t\t\t\t\t<section class=\"elementor-section elementor-top-section elementor-element elementor-element-ac4e2ef elementor-section-full_width elementor-section-height-default elementor-section-height-default\" data-id=\"ac4e2ef\" data-element_type=\"section\" data-settings=\"{&quot;background_background&quot;:&quot;classic&quot;}\">\n\t\t\t\t\t\t\t<div class=\"elementor-background-overlay\"><\/div>\n\t\t\t\t\t\t\t<div class=\"elementor-container elementor-column-gap-default\">\n\t\t\t\t\t<div class=\"elementor-column elementor-col-100 elementor-top-column elementor-element elementor-element-4c96d8b\" data-id=\"4c96d8b\" data-element_type=\"column\">\n\t\t\t<div class=\"elementor-widget-wrap elementor-element-populated\">\n\t\t\t\t\t\t\t\t<div class=\"elementor-element elementor-element-82918ec elementor-widget elementor-widget-heading\" data-id=\"82918ec\" data-element_type=\"widget\" data-widget_type=\"heading.default\">\n\t\t\t\t<div class=\"elementor-widget-container\">\n\t\t\t<h2 class=\"elementor-heading-title elementor-size-default\">Nos services\u200b<\/h2>\t\t<\/div>\n\t\t\t\t<\/div>\n\t\t\t\t<div class=\"elementor-element elementor-element-c2e4621 elementor-widget elementor-widget-ucaddon_animated_mouse_scroll_icon\" data-id=\"c2e4621\" data-element_type=\"widget\" data-widget_type=\"ucaddon_animated_mouse_scroll_icon.default\">\n\t\t\t\t<div class=\"elementor-widget-container\">\n\t\t\t\n<!-- start Animated Mouse Scroll Icon -->\n<style>\/* widget: Animated Mouse Scroll Icon *\/\n\n.mousey {\n  border-style:solid;\n  box-sizing: border-box;\n  display:inline-block;\n  text-align:center;\n}\n.scroller {\n  border-radius: 50px;\n  animation-name: scroll;\n  animation-duration: 2.2s;\n  animation-timing-function: cubic-bezier(.15,.41,.69,.94);\n  animation-iteration-count: infinite;\n  display:inline-block;\n}\n@keyframes scroll {\n  0% { opacity: 0; }\n  10% { transform: translateY(0); opacity: 1; }\n  100% { transform: translateY(15px); opacity: 0;}\n}\n\n<\/style>\n\n<div class=\"scroll-downs\" style=\"text-align:center;\">\n  <a href=\"#\" >\t\n  <div class=\"mousey\">\n    <div class=\"scroller\"><\/div>\n  <\/div>\n  <\/a>\t\n<\/div>\n<!-- end Animated Mouse Scroll Icon -->\t\t<\/div>\n\t\t\t\t<\/div>\n\t\t\t\t\t<\/div>\n\t\t<\/div>\n\t\t\t\t\t\t\t<\/div>\n\t\t<\/section>\n\t\t\t\t<section class=\"elementor-section elementor-top-section elementor-element elementor-element-fb157e2 elementor-section-boxed elementor-section-height-default elementor-section-height-default\" data-id=\"fb157e2\" data-element_type=\"section\">\n\t\t\t\t\t\t<div class=\"elementor-container elementor-column-gap-default\">\n\t\t\t\t\t<div class=\"elementor-column elementor-col-100 elementor-top-column elementor-element elementor-element-5d374f8\" data-id=\"5d374f8\" data-element_type=\"column\">\n\t\t\t<div class=\"elementor-widget-wrap elementor-element-populated\">\n\t\t\t\t\t\t\t\t<div class=\"elementor-element elementor-element-40d713c elementor-widget elementor-widget-text-editor\" data-id=\"40d713c\" data-element_type=\"widget\" data-widget_type=\"text-editor.default\">\n\t\t\t\t<div class=\"elementor-widget-container\">\n\t\t\t\t\t\t\t<p>Le petit d\u00e9jeuner, premier moment convivial de la journ\u00e9e a la Bastide de Ramatuelle. Vous y trouverez des p\u00e2tisseries et cookies, fait-maison, ainsi qu\u2019un buffet vari\u00e9. Chaque chambres dispose de paniers\u00a0afin de vous permettre de composer votre petit d\u00e9jeuner et de l\u2019emmener sur\u00a0votre terrasse \u2013 votre jardin \u2013 votre chambre \u2026 si vous le souhaitez.<\/p>\t\t\t\t\t\t<\/div>\n\t\t\t\t<\/div>\n\t\t\t\t\t<\/div>\n\t\t<\/div>\n\t\t\t\t\t\t\t<\/div>\n\t\t<\/section>\n\t\t\t\t<section class=\"elementor-section elementor-top-section elementor-element elementor-element-026f6cc elementor-section-boxed elementor-section-height-default elementor-section-height-default\" data-id=\"026f6cc\" data-element_type=\"section\" data-settings=\"{&quot;background_background&quot;:&quot;classic&quot;}\">\n\t\t\t\t\t\t<div class=\"elementor-container elementor-column-gap-default\">\n\t\t\t\t\t<div class=\"elementor-column elementor-col-100 elementor-top-column elementor-element elementor-element-aadc82b\" data-id=\"aadc82b\" data-element_type=\"column\">\n\t\t\t<div class=\"elementor-widget-wrap elementor-element-populated\">\n\t\t\t\t\t\t\t\t<div class=\"elementor-element elementor-element-e1272a9 elementor-widget elementor-widget-image\" data-id=\"e1272a9\" data-element_type=\"widget\" data-widget_type=\"image.default\">\n\t\t\t\t<div class=\"elementor-widget-container\">\n\t\t\t\t\t\t\t\t\t\t\t\t\t\t\t<img decoding=\"async\" src=\"https:\/\/bastideramatuelle.com\/wp-content\/uploads\/elementor\/thumbs\/WhatsApp-Image-2022-06-17-at-11.10.05-pqfvv7ve9rj5qzljvqv5detuztvkzmxabrewegqhyo.jpeg\" title=\"WhatsApp Image 2022-06-17 at 11.10.05\" alt=\"WhatsApp Image 2022-06-17 at 11.10.05\" \/>\t\t\t\t\t\t\t\t\t\t\t\t\t\t\t<\/div>\n\t\t\t\t<\/div>\n\t\t\t\t\t<\/div>\n\t\t<\/div>\n\t\t\t\t\t\t\t<\/div>\n\t\t<\/section>\n\t\t\t\t<section class=\"elementor-section elementor-top-section elementor-element elementor-element-cd2c78d elementor-section-content-middle elementor-reverse-tablet elementor-reverse-mobile elementor-section-boxed elementor-section-height-default elementor-section-height-default\" data-id=\"cd2c78d\" data-element_type=\"section\">\n\t\t\t\t\t\t<div class=\"elementor-container elementor-column-gap-default\">\n\t\t\t\t\t<div class=\"elementor-column elementor-col-33 elementor-top-column elementor-element elementor-element-b277aa5\" data-id=\"b277aa5\" data-element_type=\"column\">\n\t\t\t<div class=\"elementor-widget-wrap elementor-element-populated\">\n\t\t\t\t\t\t\t\t<div class=\"elementor-element elementor-element-59052a4 elementor-widget elementor-widget-text-editor\" data-id=\"59052a4\" data-element_type=\"widget\" data-widget_type=\"text-editor.default\">\n\t\t\t\t<div class=\"elementor-widget-container\">\n\t\t\t\t\t\t\tVenez profiter du domaine de la Bastide de Ramatuelle tennis de table \u2013 p\u00e9tanque \u2013 badminton\u2026 Ou encore vous isoler sur la terrasse de lecture.\t\t\t\t\t\t<\/div>\n\t\t\t\t<\/div>\n\t\t\t\t\t<\/div>\n\t\t<\/div>\n\t\t\t\t<div class=\"elementor-column elementor-col-33 elementor-top-column elementor-element elementor-element-cb0fc76\" data-id=\"cb0fc76\" data-element_type=\"column\">\n\t\t\t<div class=\"elementor-widget-wrap elementor-element-populated\">\n\t\t\t\t\t\t\t\t<div class=\"elementor-element elementor-element-bb473c9 elementor-widget elementor-widget-image\" data-id=\"bb473c9\" data-element_type=\"widget\" data-widget_type=\"image.default\">\n\t\t\t\t<div class=\"elementor-widget-container\">\n\t\t\t\t\t\t\t\t\t\t\t\t\t\t\t<img loading=\"lazy\" decoding=\"async\" width=\"1024\" height=\"768\" src=\"https:\/\/bastideramatuelle.com\/wp-content\/uploads\/2022\/06\/WhatsApp-Image-2022-06-17-at-10.38.38-1.jpeg\" class=\"attachment-large size-large\" alt=\"\" srcset=\"https:\/\/bastideramatuelle.com\/wp-content\/uploads\/2022\/06\/WhatsApp-Image-2022-06-17-at-10.38.38-1.jpeg 1024w, https:\/\/bastideramatuelle.com\/wp-content\/uploads\/2022\/06\/WhatsApp-Image-2022-06-17-at-10.38.38-1-300x225.jpeg 300w, https:\/\/bastideramatuelle.com\/wp-content\/uploads\/2022\/06\/WhatsApp-Image-2022-06-17-at-10.38.38-1-768x576.jpeg 768w, https:\/\/bastideramatuelle.com\/wp-content\/uploads\/2022\/06\/WhatsApp-Image-2022-06-17-at-10.38.38-1-16x12.jpeg 16w\" sizes=\"auto, (max-width: 1024px) 100vw, 1024px\" \/>\t\t\t\t\t\t\t\t\t\t\t\t\t\t\t<\/div>\n\t\t\t\t<\/div>\n\t\t\t\t\t<\/div>\n\t\t<\/div>\n\t\t\t\t<div class=\"elementor-column elementor-col-33 elementor-top-column elementor-element elementor-element-9f7a177\" data-id=\"9f7a177\" data-element_type=\"column\">\n\t\t\t<div class=\"elementor-widget-wrap elementor-element-populated\">\n\t\t\t\t\t\t\t\t<div class=\"elementor-element elementor-element-7fde4d6 elementor-widget elementor-widget-image\" data-id=\"7fde4d6\" data-element_type=\"widget\" data-widget_type=\"image.default\">\n\t\t\t\t<div class=\"elementor-widget-container\">\n\t\t\t\t\t\t\t\t\t\t\t\t\t\t\t<img loading=\"lazy\" decoding=\"async\" width=\"956\" height=\"500\" src=\"https:\/\/bastideramatuelle.com\/wp-content\/uploads\/2021\/05\/petanque.jpg\" class=\"attachment-large size-large\" alt=\"\" srcset=\"https:\/\/bastideramatuelle.com\/wp-content\/uploads\/2021\/05\/petanque.jpg 956w, https:\/\/bastideramatuelle.com\/wp-content\/uploads\/2021\/05\/petanque-300x157.jpg 300w, https:\/\/bastideramatuelle.com\/wp-content\/uploads\/2021\/05\/petanque-768x402.jpg 768w\" sizes=\"auto, (max-width: 956px) 100vw, 956px\" \/>\t\t\t\t\t\t\t\t\t\t\t\t\t\t\t<\/div>\n\t\t\t\t<\/div>\n\t\t\t\t\t<\/div>\n\t\t<\/div>\n\t\t\t\t\t\t\t<\/div>\n\t\t<\/section>\n\t\t\t\t<section class=\"elementor-section elementor-top-section elementor-element elementor-element-c3852a3 elementor-section-boxed elementor-section-height-default elementor-section-height-default\" data-id=\"c3852a3\" data-element_type=\"section\">\n\t\t\t\t\t\t<div class=\"elementor-container elementor-column-gap-default\">\n\t\t\t\t\t<div class=\"elementor-column elementor-col-33 elementor-top-column elementor-element elementor-element-ac7e43e\" data-id=\"ac7e43e\" data-element_type=\"column\">\n\t\t\t<div class=\"elementor-widget-wrap elementor-element-populated\">\n\t\t\t\t\t\t\t\t<div class=\"elementor-element elementor-element-476b1e4 elementor-widget elementor-widget-image\" data-id=\"476b1e4\" data-element_type=\"widget\" data-widget_type=\"image.default\">\n\t\t\t\t<div class=\"elementor-widget-container\">\n\t\t\t\t\t\t\t\t\t\t\t\t\t\t\t<img loading=\"lazy\" decoding=\"async\" width=\"768\" height=\"1024\" src=\"https:\/\/bastideramatuelle.com\/wp-content\/uploads\/2021\/07\/image00007-800x1067-1-768x1024.jpeg\" class=\"attachment-large size-large\" alt=\"\" srcset=\"https:\/\/bastideramatuelle.com\/wp-content\/uploads\/2021\/07\/image00007-800x1067-1-768x1024.jpeg 768w, https:\/\/bastideramatuelle.com\/wp-content\/uploads\/2021\/07\/image00007-800x1067-1-225x300.jpeg 225w, https:\/\/bastideramatuelle.com\/wp-content\/uploads\/2021\/07\/image00007-800x1067-1.jpeg 800w\" sizes=\"auto, (max-width: 768px) 100vw, 768px\" \/>\t\t\t\t\t\t\t\t\t\t\t\t\t\t\t<\/div>\n\t\t\t\t<\/div>\n\t\t\t\t\t<\/div>\n\t\t<\/div>\n\t\t\t\t<div class=\"elementor-column elementor-col-33 elementor-top-column elementor-element elementor-element-09b7a4c\" data-id=\"09b7a4c\" data-element_type=\"column\">\n\t\t\t<div class=\"elementor-widget-wrap elementor-element-populated\">\n\t\t\t\t\t\t\t\t<div class=\"elementor-element elementor-element-c1fcca5 elementor-widget elementor-widget-image\" data-id=\"c1fcca5\" data-element_type=\"widget\" data-widget_type=\"image.default\">\n\t\t\t\t<div class=\"elementor-widget-container\">\n\t\t\t\t\t\t\t\t\t\t\t\t\t\t\t<img loading=\"lazy\" decoding=\"async\" width=\"768\" height=\"1024\" src=\"https:\/\/bastideramatuelle.com\/wp-content\/uploads\/2021\/07\/image00017-800x1067-1-768x1024.jpeg\" class=\"attachment-large size-large\" alt=\"\" srcset=\"https:\/\/bastideramatuelle.com\/wp-content\/uploads\/2021\/07\/image00017-800x1067-1-768x1024.jpeg 768w, https:\/\/bastideramatuelle.com\/wp-content\/uploads\/2021\/07\/image00017-800x1067-1-225x300.jpeg 225w, https:\/\/bastideramatuelle.com\/wp-content\/uploads\/2021\/07\/image00017-800x1067-1.jpeg 800w\" sizes=\"auto, (max-width: 768px) 100vw, 768px\" \/>\t\t\t\t\t\t\t\t\t\t\t\t\t\t\t<\/div>\n\t\t\t\t<\/div>\n\t\t\t\t\t<\/div>\n\t\t<\/div>\n\t\t\t\t<div class=\"elementor-column elementor-col-33 elementor-top-column elementor-element elementor-element-6e51559\" data-id=\"6e51559\" data-element_type=\"column\">\n\t\t\t<div class=\"elementor-widget-wrap elementor-element-populated\">\n\t\t\t\t\t\t\t\t<div class=\"elementor-element elementor-element-fab3fba elementor-widget elementor-widget-image\" data-id=\"fab3fba\" data-element_type=\"widget\" data-widget_type=\"image.default\">\n\t\t\t\t<div class=\"elementor-widget-container\">\n\t\t\t\t\t\t\t\t\t\t\t\t\t\t\t<img loading=\"lazy\" decoding=\"async\" width=\"768\" height=\"1024\" src=\"https:\/\/bastideramatuelle.com\/wp-content\/uploads\/2021\/07\/image00002-800x1067-1-768x1024.jpeg\" class=\"attachment-large size-large\" alt=\"\" srcset=\"https:\/\/bastideramatuelle.com\/wp-content\/uploads\/2021\/07\/image00002-800x1067-1-768x1024.jpeg 768w, https:\/\/bastideramatuelle.com\/wp-content\/uploads\/2021\/07\/image00002-800x1067-1-225x300.jpeg 225w, https:\/\/bastideramatuelle.com\/wp-content\/uploads\/2021\/07\/image00002-800x1067-1.jpeg 800w\" sizes=\"auto, (max-width: 768px) 100vw, 768px\" \/>\t\t\t\t\t\t\t\t\t\t\t\t\t\t\t<\/div>\n\t\t\t\t<\/div>\n\t\t\t\t\t<\/div>\n\t\t<\/div>\n\t\t\t\t\t\t\t<\/div>\n\t\t<\/section>\n\t\t\t\t\t\t\t<\/div>\n\t\t","protected":false},"excerpt":{"rendered":"<p>Nos services\u200b Le petit d\u00e9jeuner, premier moment convivial de la journ\u00e9e a la Bastide de Ramatuelle. Vous y trouverez des p\u00e2tisseries et cookies, fait-maison, ainsi qu\u2019un buffet vari\u00e9. Chaque chambres dispose de paniers\u00a0afin de vous permettre de composer votre petit d\u00e9jeuner et de l\u2019emmener sur\u00a0votre terrasse \u2013 votre jardin \u2013 votre chambre \u2026 si vous [&hellip;]<\/p>\n","protected":false},"author":1,"featured_media":0,"parent":0,"menu_order":0,"comment_status":"closed","ping_status":"closed","template":"","meta":{"_eb_attr":"","_uag_custom_page_level_css":"","site-sidebar-layout":"no-sidebar","site-content-layout":"page-builder","ast-site-content-layout":"full-width-container","site-content-style":"unboxed","site-sidebar-style":"unboxed","ast-global-header-display":"","ast-banner-title-visibility":"","ast-main-header-display":"","ast-hfb-above-header-display":"","ast-hfb-below-header-display":"","ast-hfb-mobile-header-display":"","site-post-title":"disabled","ast-breadcrumbs-content":"","ast-featured-img":"disabled","footer-sml-layout":"","theme-transparent-header-meta":"default","adv-header-id-meta":"","stick-header-meta":"","header-above-stick-meta":"","header-main-stick-meta":"","header-below-stick-meta":"","astra-migrate-meta-layouts":"set","ast-page-background-enabled":"default","ast-page-background-meta":{"desktop":{"background-color":"var(--ast-global-color-4)","background-image":"","background-repeat":"repeat","background-position":"center center","background-size":"auto","background-attachment":"scroll","background-type":"","background-media":"","overlay-type":"","overlay-color":"","overlay-opacity":"","overlay-gradient":""},"tablet":{"background-color":"","background-image":"","background-repeat":"repeat","background-position":"center center","background-size":"auto","background-attachment":"scroll","background-type":"","background-media":"","overlay-type":"","overlay-color":"","overlay-opacity":"","overlay-gradient":""},"mobile":{"background-color":"","background-image":"","background-repeat":"repeat","background-position":"center center","background-size":"auto","background-attachment":"scroll","background-type":"","background-media":"","overlay-type":"","overlay-color":"","overlay-opacity":"","overlay-gradient":""}},"ast-content-background-meta":{"desktop":{"background-color":"var(--ast-global-color-5)","background-image":"","background-repeat":"repeat","background-position":"center center","background-size":"auto","background-attachment":"scroll","background-type":"","background-media":"","overlay-type":"","overlay-color":"","overlay-opacity":"","overlay-gradient":""},"tablet":{"background-color":"var(--ast-global-color-5)","background-image":"","background-repeat":"repeat","background-position":"center center","background-size":"auto","background-attachment":"scroll","background-type":"","background-media":"","overlay-type":"","overlay-color":"","overlay-opacity":"","overlay-gradient":""},"mobile":{"background-color":"var(--ast-global-color-5)","background-image":"","background-repeat":"repeat","background-position":"center center","background-size":"auto","background-attachment":"scroll","background-type":"","background-media":"","overlay-type":"","overlay-color":"","overlay-opacity":"","overlay-gradient":""}},"footnotes":""},"class_list":["post-184","page","type-page","status-publish","hentry"],"uagb_featured_image_src":{"full":false,"thumbnail":false,"medium":false,"medium_large":false,"large":false,"1536x1536":false,"2048x2048":false,"trp-custom-language-flag":false,"htliser_size_396x360":false,"htslider_size_1170x536":false},"uagb_author_info":{"display_name":"Alyios","author_link":"https:\/\/bastideramatuelle.com\/fr\/author\/alyios\/"},"uagb_comment_info":0,"uagb_excerpt":"Nos services\u200b Le petit d\u00e9jeuner, premier moment convivial de la journ\u00e9e a la Bastide de Ramatuelle. Vous y trouverez des p\u00e2tisseries et cookies, fait-maison, ainsi qu\u2019un buffet vari\u00e9. Chaque chambres dispose de paniers\u00a0afin de vous permettre de composer votre petit d\u00e9jeuner et de l\u2019emmener sur\u00a0votre terrasse \u2013 votre jardin \u2013 votre chambre \u2026 si vous\u2026","_links":{"self":[{"href":"https:\/\/bastideramatuelle.com\/fr\/wp-json\/wp\/v2\/pages\/184","targetHints":{"allow":["GET"]}}],"collection":[{"href":"https:\/\/bastideramatuelle.com\/fr\/wp-json\/wp\/v2\/pages"}],"about":[{"href":"https:\/\/bastideramatuelle.com\/fr\/wp-json\/wp\/v2\/types\/page"}],"author":[{"embeddable":true,"href":"https:\/\/bastideramatuelle.com\/fr\/wp-json\/wp\/v2\/users\/1"}],"replies":[{"embeddable":true,"href":"https:\/\/bastideramatuelle.com\/fr\/wp-json\/wp\/v2\/comments?post=184"}],"version-history":[{"count":113,"href":"https:\/\/bastideramatuelle.com\/fr\/wp-json\/wp\/v2\/pages\/184\/revisions"}],"predecessor-version":[{"id":714,"href":"https:\/\/bastideramatuelle.com\/fr\/wp-json\/wp\/v2\/pages\/184\/revisions\/714"}],"wp:attachment":[{"href":"https:\/\/bastideramatuelle.com\/fr\/wp-json\/wp\/v2\/media?parent=184"}],"curies":[{"name":"wp","href":"https:\/\/api.w.org\/{rel}","templated":true}]}}