{"id":25,"date":"2021-05-22T11:14:57","date_gmt":"2021-05-22T11:14:57","guid":{"rendered":"http:\/\/localhost\/?page_id=25"},"modified":"2024-05-29T13:06:27","modified_gmt":"2024-05-29T13:06:27","slug":"philosophie","status":"publish","type":"page","link":"https:\/\/bastideramatuelle.com\/fr\/","title":{"rendered":"Philosophie"},"content":{"rendered":"\t\t<div data-elementor-type=\"wp-page\" data-elementor-id=\"25\" class=\"elementor elementor-25\">\n\t\t\t\t\t\t\t\t\t<section class=\"elementor-section elementor-top-section elementor-element elementor-element-09b3976 elementor-section-full_width elementor-section-height-default elementor-section-height-default\" data-id=\"09b3976\" data-element_type=\"section\" data-settings=\"{&quot;background_background&quot;:&quot;gradient&quot;}\">\n\t\t\t\t\t\t<div class=\"elementor-container elementor-column-gap-default\">\n\t\t\t\t\t<div class=\"elementor-column elementor-col-100 elementor-top-column elementor-element elementor-element-9d0f3ca\" data-id=\"9d0f3ca\" data-element_type=\"column\">\n\t\t\t<div class=\"elementor-widget-wrap elementor-element-populated\">\n\t\t\t\t\t\t\t\t<div class=\"elementor-element elementor-element-18e1052 elementor-widget elementor-widget-image\" data-id=\"18e1052\" data-element_type=\"widget\" data-widget_type=\"image.default\">\n\t\t\t\t<div class=\"elementor-widget-container\">\n\t\t\t\t\t\t\t\t\t\t\t\t\t\t\t<img loading=\"lazy\" decoding=\"async\" width=\"683\" height=\"1024\" src=\"https:\/\/bastideramatuelle.com\/wp-content\/uploads\/2024\/05\/436A9443-683x1024.jpg\" class=\"attachment-large size-large\" alt=\"\" srcset=\"https:\/\/bastideramatuelle.com\/wp-content\/uploads\/2024\/05\/436A9443-683x1024.jpg 683w, https:\/\/bastideramatuelle.com\/wp-content\/uploads\/2024\/05\/436A9443-200x300.jpg 200w, https:\/\/bastideramatuelle.com\/wp-content\/uploads\/2024\/05\/436A9443-768x1152.jpg 768w, https:\/\/bastideramatuelle.com\/wp-content\/uploads\/2024\/05\/436A9443-1024x1536.jpg 1024w, https:\/\/bastideramatuelle.com\/wp-content\/uploads\/2024\/05\/436A9443-1365x2048.jpg 1365w, https:\/\/bastideramatuelle.com\/wp-content\/uploads\/2024\/05\/436A9443-8x12.jpg 8w, https:\/\/bastideramatuelle.com\/wp-content\/uploads\/2024\/05\/436A9443-scaled.jpg 1707w\" sizes=\"auto, (max-width: 683px) 100vw, 683px\" \/>\t\t\t\t\t\t\t\t\t\t\t\t\t\t\t<\/div>\n\t\t\t\t<\/div>\n\t\t\t\t<div class=\"elementor-element elementor-element-2f752ff elementor-widget elementor-widget-heading\" data-id=\"2f752ff\" data-element_type=\"widget\" data-widget_type=\"heading.default\">\n\t\t\t\t<div class=\"elementor-widget-container\">\n\t\t\t<h2 class=\"elementor-heading-title elementor-size-default\">Douceur, Calme, Nature<\/h2>\t\t<\/div>\n\t\t\t\t<\/div>\n\t\t\t\t\t<\/div>\n\t\t<\/div>\n\t\t\t\t\t\t\t<\/div>\n\t\t<\/section>\n\t\t\t\t<section class=\"elementor-section elementor-top-section elementor-element elementor-element-b77a4fc elementor-section-boxed elementor-section-height-default elementor-section-height-default\" data-id=\"b77a4fc\" data-element_type=\"section\">\n\t\t\t\t\t\t<div class=\"elementor-container elementor-column-gap-default\">\n\t\t\t\t\t<div class=\"elementor-column elementor-col-33 elementor-top-column elementor-element elementor-element-a29ec3b\" data-id=\"a29ec3b\" data-element_type=\"column\">\n\t\t\t<div class=\"elementor-widget-wrap\">\n\t\t\t\t\t\t\t\t\t<\/div>\n\t\t<\/div>\n\t\t\t\t<div class=\"elementor-column elementor-col-33 elementor-top-column elementor-element elementor-element-3eda0c1\" data-id=\"3eda0c1\" data-element_type=\"column\">\n\t\t\t<div class=\"elementor-widget-wrap elementor-element-populated\">\n\t\t\t\t\t\t\t\t<div class=\"elementor-element elementor-element-c90de02 elementor-widget elementor-widget-heading\" data-id=\"c90de02\" data-element_type=\"widget\" data-widget_type=\"heading.default\">\n\t\t\t\t<div class=\"elementor-widget-container\">\n\t\t\t<h2 class=\"elementor-heading-title elementor-size-default\">Philosophie<\/h2>\t\t<\/div>\n\t\t\t\t<\/div>\n\t\t\t\t\t<\/div>\n\t\t<\/div>\n\t\t\t\t<div class=\"elementor-column elementor-col-33 elementor-top-column elementor-element elementor-element-66d85f6\" data-id=\"66d85f6\" data-element_type=\"column\">\n\t\t\t<div class=\"elementor-widget-wrap\">\n\t\t\t\t\t\t\t\t\t<\/div>\n\t\t<\/div>\n\t\t\t\t\t\t\t<\/div>\n\t\t<\/section>\n\t\t\t\t<section class=\"elementor-section elementor-top-section elementor-element elementor-element-5d0d63a elementor-section-boxed elementor-section-height-default elementor-section-height-default\" data-id=\"5d0d63a\" data-element_type=\"section\">\n\t\t\t\t\t\t<div class=\"elementor-container elementor-column-gap-default\">\n\t\t\t\t\t<div class=\"elementor-column elementor-col-100 elementor-top-column elementor-element elementor-element-2ca625a\" data-id=\"2ca625a\" data-element_type=\"column\">\n\t\t\t<div class=\"elementor-widget-wrap elementor-element-populated\">\n\t\t\t\t\t\t\t\t<div class=\"elementor-element elementor-element-7b041c1 elementor-widget elementor-widget-text-editor\" data-id=\"7b041c1\" data-element_type=\"widget\" data-widget_type=\"text-editor.default\">\n\t\t\t\t<div class=\"elementor-widget-container\">\n\t\t\t\t\t\t\t<h4><span style=\"color: #b7a58e;\"><span style=\"font-size: 32px;\">Notre H\u00f4tel\u00a0 peut vous accueillir en journ\u00e9e<br \/>le temps de vous d\u00e9tendre<\/span><\/span><\/h4>\t\t\t\t\t\t<\/div>\n\t\t\t\t<\/div>\n\t\t\t\t<div class=\"elementor-element elementor-element-c76fbdd elementor-widget__width-initial elementor-widget elementor-widget-text-editor\" data-id=\"c76fbdd\" data-element_type=\"widget\" data-widget_type=\"text-editor.default\">\n\t\t\t\t<div class=\"elementor-widget-container\">\n\t\t\t\t\t\t\t<p>Vous souhaitez vous pr\u00e9parer pour un \u00e9v\u00e8nement important ? Faites une sieste, prenez une douche et prenez du temps pour vous.\u00a0<span style=\"font-style: inherit; font-weight: inherit; color: var( --e-global-color-text ); font-family: var( --e-global-typography-text-font-family ), Sans-serif;\">De 9h \u00e0 18h, La Bastide vous offre un refuge dans le temps.\u00a0<br \/><\/span><span style=\"font-style: inherit; font-weight: inherit; color: var( --e-global-color-text ); font-family: var( --e-global-typography-text-font-family ), Sans-serif;\">D\u00e9connectez et retrouvez-vous.<br \/><\/span><span style=\"font-style: inherit; font-weight: inherit; color: var( --e-global-color-text ); font-family: var( --e-global-typography-text-font-family ), Sans-serif;\">Pour un moment d&rsquo;intimit\u00e9, un besoin de d\u00e9tente ou une pause, notre h\u00f4tel est disponible aussi durant la journ\u00e9e.<\/span><\/p><div id=\"inkAppRoot\"><div>\u00a0<\/div><\/div><div id=\"inkPopUp\"><div>\u00a0<\/div><\/div><div id=\"inkAppFlex\"><div>\u00a0<\/div><\/div>\t\t\t\t\t\t<\/div>\n\t\t\t\t<\/div>\n\t\t\t\t\t<\/div>\n\t\t<\/div>\n\t\t\t\t\t\t\t<\/div>\n\t\t<\/section>\n\t\t\t\t<section class=\"elementor-section elementor-top-section elementor-element elementor-element-bf4f8e9 elementor-section-boxed elementor-section-height-default elementor-section-height-default\" data-id=\"bf4f8e9\" data-element_type=\"section\">\n\t\t\t\t\t\t<div class=\"elementor-container elementor-column-gap-default\">\n\t\t\t\t\t<div class=\"elementor-column elementor-col-100 elementor-top-column elementor-element elementor-element-2cb09d2\" data-id=\"2cb09d2\" data-element_type=\"column\">\n\t\t\t<div class=\"elementor-widget-wrap elementor-element-populated\">\n\t\t\t\t\t\t\t\t<div class=\"elementor-element elementor-element-e4d576e elementor-align-center elementor-widget elementor-widget-button\" data-id=\"e4d576e\" data-element_type=\"widget\" data-widget_type=\"button.default\">\n\t\t\t\t<div class=\"elementor-widget-container\">\n\t\t\t\t\t<div class=\"elementor-button-wrapper\">\n\t\t\t<a href=\"http:\/\/via.eviivo.com\/BastidedeRamatuelle83350\" class=\"elementor-button-link elementor-button elementor-size-xl\" role=\"button\">\n\t\t\t\t\t\t<span class=\"elementor-button-content-wrapper\">\n\t\t\t\t\t\t<span class=\"elementor-button-text\">R\u00e9servation rapide<\/span>\n\t\t<\/span>\n\t\t\t\t\t<\/a>\n\t\t<\/div>\n\t\t\t\t<\/div>\n\t\t\t\t<\/div>\n\t\t\t\t\t<\/div>\n\t\t<\/div>\n\t\t\t\t\t\t\t<\/div>\n\t\t<\/section>\n\t\t\t\t<section class=\"elementor-section elementor-top-section elementor-element elementor-element-d3dee55 elementor-section-boxed elementor-section-height-default elementor-section-height-default\" data-id=\"d3dee55\" data-element_type=\"section\">\n\t\t\t\t\t\t<div class=\"elementor-container elementor-column-gap-default\">\n\t\t\t\t\t<div class=\"elementor-column elementor-col-66 elementor-top-column elementor-element elementor-element-fe60483\" data-id=\"fe60483\" data-element_type=\"column\">\n\t\t\t<div class=\"elementor-widget-wrap elementor-element-populated\">\n\t\t\t\t\t\t\t\t<div class=\"elementor-element elementor-element-c204043 animated-slow elementor-invisible elementor-widget elementor-widget-image\" data-id=\"c204043\" data-element_type=\"widget\" data-settings=\"{&quot;_animation&quot;:&quot;fadeInLeft&quot;}\" data-widget_type=\"image.default\">\n\t\t\t\t<div class=\"elementor-widget-container\">\n\t\t\t\t\t\t\t\t\t\t\t\t\t\t\t<img loading=\"lazy\" decoding=\"async\" width=\"1024\" height=\"768\" src=\"https:\/\/bastideramatuelle.com\/wp-content\/uploads\/2024\/05\/IMG_20200704_174249-Copie-1024x768.jpg\" class=\"attachment-large size-large\" alt=\"\" srcset=\"https:\/\/bastideramatuelle.com\/wp-content\/uploads\/2024\/05\/IMG_20200704_174249-Copie-1024x768.jpg 1024w, https:\/\/bastideramatuelle.com\/wp-content\/uploads\/2024\/05\/IMG_20200704_174249-Copie-300x225.jpg 300w, https:\/\/bastideramatuelle.com\/wp-content\/uploads\/2024\/05\/IMG_20200704_174249-Copie-768x576.jpg 768w, https:\/\/bastideramatuelle.com\/wp-content\/uploads\/2024\/05\/IMG_20200704_174249-Copie-1536x1152.jpg 1536w, https:\/\/bastideramatuelle.com\/wp-content\/uploads\/2024\/05\/IMG_20200704_174249-Copie-2048x1536.jpg 2048w, https:\/\/bastideramatuelle.com\/wp-content\/uploads\/2024\/05\/IMG_20200704_174249-Copie-16x12.jpg 16w\" sizes=\"auto, (max-width: 1024px) 100vw, 1024px\" \/>\t\t\t\t\t\t\t\t\t\t\t\t\t\t\t<\/div>\n\t\t\t\t<\/div>\n\t\t\t\t\t<\/div>\n\t\t<\/div>\n\t\t\t\t<div class=\"elementor-column elementor-col-33 elementor-top-column elementor-element elementor-element-21e6321\" data-id=\"21e6321\" data-element_type=\"column\">\n\t\t\t<div class=\"elementor-widget-wrap elementor-element-populated\">\n\t\t\t\t\t\t\t\t<div class=\"elementor-element elementor-element-322927a animated-slow elementor-invisible elementor-widget elementor-widget-text-editor\" data-id=\"322927a\" data-element_type=\"widget\" data-settings=\"{&quot;_animation&quot;:&quot;fadeInRight&quot;}\" data-widget_type=\"text-editor.default\">\n\t\t\t\t<div class=\"elementor-widget-container\">\n\t\t\t\t\t\t\t<h2>Le charme, la d\u00e9tente<\/h2><p>Suivez la route de la Rouill\u00e8re et venez d\u00e9couvrir le domaine familial de la Bastide de Ramatuelle, situ\u00e9 aux c\u0153urs des vignes de Provence, et non loin de la plage mythique de Pampelonne et du village de St Tropez.<\/p>\t\t\t\t\t\t<\/div>\n\t\t\t\t<\/div>\n\t\t\t\t\t<\/div>\n\t\t<\/div>\n\t\t\t\t\t\t\t<\/div>\n\t\t<\/section>\n\t\t\t\t<section class=\"elementor-section elementor-top-section elementor-element elementor-element-82d38f6 elementor-section-content-middle elementor-reverse-mobile elementor-section-boxed elementor-section-height-default elementor-section-height-default\" data-id=\"82d38f6\" data-element_type=\"section\">\n\t\t\t\t\t\t<div class=\"elementor-container elementor-column-gap-default\">\n\t\t\t\t\t<div class=\"elementor-column elementor-col-33 elementor-top-column elementor-element elementor-element-6a482ce\" data-id=\"6a482ce\" data-element_type=\"column\">\n\t\t\t<div class=\"elementor-widget-wrap elementor-element-populated\">\n\t\t\t\t\t\t\t\t<div class=\"elementor-element elementor-element-b60120e animated-slow elementor-invisible elementor-widget elementor-widget-text-editor\" data-id=\"b60120e\" data-element_type=\"widget\" data-settings=\"{&quot;_animation&quot;:&quot;fadeInLeft&quot;}\" data-widget_type=\"text-editor.default\">\n\t\t\t\t<div class=\"elementor-widget-container\">\n\t\t\t\t\t\t\t<h2>Le cadre, la r\u00e9gion<\/h2><p>Situ\u00e9 dans parc ombrag\u00e9 de 4 hectares, la Bastide vous accueille pour un s\u00e9jour aux couleurs m\u00e9diterran\u00e9ennes.<\/p><div id=\"inkAppRoot\"><div>\u00a0<\/div><\/div><div id=\"inkPopUp\"><div>\u00a0<\/div><\/div><div id=\"inkAppFlex\"><div>\u00a0<\/div><\/div>\t\t\t\t\t\t<\/div>\n\t\t\t\t<\/div>\n\t\t\t\t\t<\/div>\n\t\t<\/div>\n\t\t\t\t<div class=\"elementor-column elementor-col-66 elementor-top-column elementor-element elementor-element-b4cfa13\" data-id=\"b4cfa13\" data-element_type=\"column\">\n\t\t\t<div class=\"elementor-widget-wrap elementor-element-populated\">\n\t\t\t\t\t\t\t\t<div class=\"elementor-element elementor-element-a884b53 animated-slow elementor-invisible elementor-widget elementor-widget-image\" data-id=\"a884b53\" data-element_type=\"widget\" data-settings=\"{&quot;_animation&quot;:&quot;fadeInRight&quot;}\" data-widget_type=\"image.default\">\n\t\t\t\t<div class=\"elementor-widget-container\">\n\t\t\t\t\t\t\t\t\t\t\t\t\t\t\t<img loading=\"lazy\" decoding=\"async\" width=\"1024\" height=\"768\" src=\"https:\/\/bastideramatuelle.com\/wp-content\/uploads\/2022\/06\/WhatsApp-Image-2022-06-17-at-11.07.07.jpeg\" class=\"attachment-large size-large\" alt=\"\" srcset=\"https:\/\/bastideramatuelle.com\/wp-content\/uploads\/2022\/06\/WhatsApp-Image-2022-06-17-at-11.07.07.jpeg 1024w, https:\/\/bastideramatuelle.com\/wp-content\/uploads\/2022\/06\/WhatsApp-Image-2022-06-17-at-11.07.07-300x225.jpeg 300w, https:\/\/bastideramatuelle.com\/wp-content\/uploads\/2022\/06\/WhatsApp-Image-2022-06-17-at-11.07.07-768x576.jpeg 768w, https:\/\/bastideramatuelle.com\/wp-content\/uploads\/2022\/06\/WhatsApp-Image-2022-06-17-at-11.07.07-16x12.jpeg 16w\" sizes=\"auto, (max-width: 1024px) 100vw, 1024px\" \/>\t\t\t\t\t\t\t\t\t\t\t\t\t\t\t<\/div>\n\t\t\t\t<\/div>\n\t\t\t\t\t<\/div>\n\t\t<\/div>\n\t\t\t\t\t\t\t<\/div>\n\t\t<\/section>\n\t\t\t\t<section class=\"elementor-section elementor-top-section elementor-element elementor-element-b4ab66f elementor-section-content-middle elementor-section-boxed elementor-section-height-default elementor-section-height-default\" data-id=\"b4ab66f\" data-element_type=\"section\">\n\t\t\t\t\t\t<div class=\"elementor-container elementor-column-gap-default\">\n\t\t\t\t\t<div class=\"elementor-column elementor-col-33 elementor-top-column elementor-element elementor-element-d500ede elementor-invisible\" data-id=\"d500ede\" data-element_type=\"column\" data-settings=\"{&quot;animation&quot;:&quot;fadeInLeft&quot;}\">\n\t\t\t<div class=\"elementor-widget-wrap elementor-element-populated\">\n\t\t\t\t\t\t\t\t<div class=\"elementor-element elementor-element-ca31ab5 elementor-widget elementor-widget-text-editor\" data-id=\"ca31ab5\" data-element_type=\"widget\" data-widget_type=\"text-editor.default\">\n\t\t\t\t<div class=\"elementor-widget-container\">\n\t\t\t\t\t\t\tLe domaine vous invite \u00e0 vivre \u00e0 l&rsquo;heure du sud\u2026\n\n\t\t\t\t\t\t<\/div>\n\t\t\t\t<\/div>\n\t\t\t\t\t<\/div>\n\t\t<\/div>\n\t\t\t\t<div class=\"elementor-column elementor-col-33 elementor-top-column elementor-element elementor-element-c9671da animated-slow elementor-invisible\" data-id=\"c9671da\" data-element_type=\"column\" data-settings=\"{&quot;animation&quot;:&quot;fadeInRight&quot;}\">\n\t\t\t<div class=\"elementor-widget-wrap elementor-element-populated\">\n\t\t\t\t\t\t\t\t<div class=\"elementor-element elementor-element-3491086 elementor-widget elementor-widget-image\" data-id=\"3491086\" data-element_type=\"widget\" data-widget_type=\"image.default\">\n\t\t\t\t<div class=\"elementor-widget-container\">\n\t\t\t\t\t\t\t\t\t\t\t\t\t\t\t<img loading=\"lazy\" decoding=\"async\" width=\"1024\" height=\"682\" src=\"https:\/\/bastideramatuelle.com\/wp-content\/uploads\/2024\/05\/Tirages-Bastide_V3-1024x682.jpg\" class=\"attachment-large size-large\" alt=\"\" srcset=\"https:\/\/bastideramatuelle.com\/wp-content\/uploads\/2024\/05\/Tirages-Bastide_V3-1024x682.jpg 1024w, https:\/\/bastideramatuelle.com\/wp-content\/uploads\/2024\/05\/Tirages-Bastide_V3-300x200.jpg 300w, https:\/\/bastideramatuelle.com\/wp-content\/uploads\/2024\/05\/Tirages-Bastide_V3-768x512.jpg 768w, https:\/\/bastideramatuelle.com\/wp-content\/uploads\/2024\/05\/Tirages-Bastide_V3-1536x1023.jpg 1536w, https:\/\/bastideramatuelle.com\/wp-content\/uploads\/2024\/05\/Tirages-Bastide_V3-2048x1364.jpg 2048w, https:\/\/bastideramatuelle.com\/wp-content\/uploads\/2024\/05\/Tirages-Bastide_V3-18x12.jpg 18w\" sizes=\"auto, (max-width: 1024px) 100vw, 1024px\" \/>\t\t\t\t\t\t\t\t\t\t\t\t\t\t\t<\/div>\n\t\t\t\t<\/div>\n\t\t\t\t\t<\/div>\n\t\t<\/div>\n\t\t\t\t<div class=\"elementor-column elementor-col-33 elementor-top-column elementor-element elementor-element-9b506cc\" data-id=\"9b506cc\" data-element_type=\"column\">\n\t\t\t<div class=\"elementor-widget-wrap\">\n\t\t\t\t\t\t\t\t\t<\/div>\n\t\t<\/div>\n\t\t\t\t\t\t\t<\/div>\n\t\t<\/section>\n\t\t\t\t<section class=\"elementor-section elementor-top-section elementor-element elementor-element-03de55a elementor-section-boxed elementor-section-height-default elementor-section-height-default\" data-id=\"03de55a\" data-element_type=\"section\">\n\t\t\t\t\t\t<div class=\"elementor-container elementor-column-gap-default\">\n\t\t\t\t\t<div class=\"elementor-column elementor-col-100 elementor-top-column elementor-element elementor-element-e0524dd\" data-id=\"e0524dd\" data-element_type=\"column\">\n\t\t\t<div class=\"elementor-widget-wrap elementor-element-populated\">\n\t\t\t\t\t\t\t\t<div class=\"elementor-element elementor-element-a8a8b69 animated-slow elementor-invisible elementor-widget elementor-widget-heading\" data-id=\"a8a8b69\" data-element_type=\"widget\" data-settings=\"{&quot;_animation&quot;:&quot;fadeIn&quot;}\" data-widget_type=\"heading.default\">\n\t\t\t\t<div class=\"elementor-widget-container\">\n\t\t\t<h2 class=\"elementor-heading-title elementor-size-default\">Louez la Bastide de Ramatuelle dans son int\u00e9gralit\u00e9, en villa <br>et profitez de l'h\u00f4tel sans partage<\/h2>\t\t<\/div>\n\t\t\t\t<\/div>\n\t\t\t\t\t<\/div>\n\t\t<\/div>\n\t\t\t\t\t\t\t<\/div>\n\t\t<\/section>\n\t\t\t\t<section class=\"elementor-section elementor-top-section elementor-element elementor-element-5279bfc elementor-section-boxed elementor-section-height-default elementor-section-height-default\" data-id=\"5279bfc\" data-element_type=\"section\">\n\t\t\t\t\t\t<div class=\"elementor-container elementor-column-gap-default\">\n\t\t\t\t\t<div class=\"elementor-column elementor-col-100 elementor-top-column elementor-element elementor-element-3c2cdc9\" data-id=\"3c2cdc9\" data-element_type=\"column\">\n\t\t\t<div class=\"elementor-widget-wrap elementor-element-populated\">\n\t\t\t\t\t\t\t\t<div class=\"elementor-element elementor-element-70d0003 elementor-widget elementor-widget-text-editor\" data-id=\"70d0003\" data-element_type=\"widget\" data-widget_type=\"text-editor.default\">\n\t\t\t\t<div class=\"elementor-widget-container\">\n\t\t\t\t\t\t\t<p><i>#privatisation \u00e0 la semaine ou au mois<\/i><\/p>\t\t\t\t\t\t<\/div>\n\t\t\t\t<\/div>\n\t\t\t\t\t<\/div>\n\t\t<\/div>\n\t\t\t\t\t\t\t<\/div>\n\t\t<\/section>\n\t\t\t\t<section class=\"elementor-section elementor-top-section elementor-element elementor-element-0f271f6 elementor-section-boxed elementor-section-height-default elementor-section-height-default\" data-id=\"0f271f6\" data-element_type=\"section\">\n\t\t\t\t\t\t<div class=\"elementor-container elementor-column-gap-default\">\n\t\t\t\t\t<div class=\"elementor-column elementor-col-100 elementor-top-column elementor-element elementor-element-209240a\" data-id=\"209240a\" data-element_type=\"column\">\n\t\t\t<div class=\"elementor-widget-wrap elementor-element-populated\">\n\t\t\t\t\t\t\t\t<div class=\"elementor-element elementor-element-dab7cde elementor-align-center elementor-widget elementor-widget-button\" data-id=\"dab7cde\" data-element_type=\"widget\" data-widget_type=\"button.default\">\n\t\t\t\t<div class=\"elementor-widget-container\">\n\t\t\t\t\t<div class=\"elementor-button-wrapper\">\n\t\t\t<a href=\"http:\/\/via.eviivo.com\/BastidedeRamatuelle83350\" class=\"elementor-button-link elementor-button elementor-size-xl\" role=\"button\">\n\t\t\t\t\t\t<span class=\"elementor-button-content-wrapper\">\n\t\t\t\t\t\t<span class=\"elementor-button-text\">R\u00e9servation rapide<\/span>\n\t\t<\/span>\n\t\t\t\t\t<\/a>\n\t\t<\/div>\n\t\t\t\t<\/div>\n\t\t\t\t<\/div>\n\t\t\t\t\t<\/div>\n\t\t<\/div>\n\t\t\t\t\t\t\t<\/div>\n\t\t<\/section>\n\t\t\t\t<section class=\"elementor-section elementor-top-section elementor-element elementor-element-b9d40ad elementor-section-full_width elementor-section-height-default elementor-section-height-default\" data-id=\"b9d40ad\" data-element_type=\"section\">\n\t\t\t\t\t\t<div class=\"elementor-container elementor-column-gap-default\">\n\t\t\t\t\t<div class=\"elementor-column elementor-col-100 elementor-top-column elementor-element elementor-element-f49be17\" data-id=\"f49be17\" data-element_type=\"column\">\n\t\t\t<div class=\"elementor-widget-wrap elementor-element-populated\">\n\t\t\t\t\t\t\t\t<div class=\"elementor-element elementor-element-a81d19c elementor-widget elementor-widget-image\" data-id=\"a81d19c\" data-element_type=\"widget\" data-widget_type=\"image.default\">\n\t\t\t\t<div class=\"elementor-widget-container\">\n\t\t\t\t\t\t\t\t\t\t\t\t\t\t\t<img loading=\"lazy\" decoding=\"async\" width=\"1281\" height=\"357\" src=\"https:\/\/bastideramatuelle.com\/wp-content\/uploads\/2021\/05\/archiPlan-1.png\" class=\"attachment-full size-full\" alt=\"\" srcset=\"https:\/\/bastideramatuelle.com\/wp-content\/uploads\/2021\/05\/archiPlan-1.png 1281w, https:\/\/bastideramatuelle.com\/wp-content\/uploads\/2021\/05\/archiPlan-1-300x84.png 300w, https:\/\/bastideramatuelle.com\/wp-content\/uploads\/2021\/05\/archiPlan-1-1024x285.png 1024w, https:\/\/bastideramatuelle.com\/wp-content\/uploads\/2021\/05\/archiPlan-1-768x214.png 768w\" sizes=\"auto, (max-width: 1281px) 100vw, 1281px\" \/>\t\t\t\t\t\t\t\t\t\t\t\t\t\t\t<\/div>\n\t\t\t\t<\/div>\n\t\t\t\t\t<\/div>\n\t\t<\/div>\n\t\t\t\t\t\t\t<\/div>\n\t\t<\/section>\n\t\t\t\t\t\t\t<\/div>\n\t\t","protected":false},"excerpt":{"rendered":"<p>Douceur, Calme, Nature Philosophie Notre H\u00f4tel\u00a0 peut vous accueillir en journ\u00e9ele temps de vous d\u00e9tendre Vous souhaitez vous pr\u00e9parer pour un \u00e9v\u00e8nement important ? Faites une sieste, prenez une douche et prenez du temps pour vous.\u00a0De 9h \u00e0 18h, La Bastide vous offre un refuge dans le temps.\u00a0D\u00e9connectez et retrouvez-vous.Pour un moment d&rsquo;intimit\u00e9, un besoin [&hellip;]<\/p>\n","protected":false},"author":1,"featured_media":0,"parent":0,"menu_order":0,"comment_status":"closed","ping_status":"closed","template":"","meta":{"_eb_attr":"","_uag_custom_page_level_css":"","site-sidebar-layout":"no-sidebar","site-content-layout":"page-builder","ast-site-content-layout":"","site-content-style":"default","site-sidebar-style":"default","ast-global-header-display":"","ast-banner-title-visibility":"","ast-main-header-display":"","ast-hfb-above-header-display":"","ast-hfb-below-header-display":"","ast-hfb-mobile-header-display":"","site-post-title":"disabled","ast-breadcrumbs-content":"","ast-featured-img":"disabled","footer-sml-layout":"","theme-transparent-header-meta":"default","adv-header-id-meta":"","stick-header-meta":"","header-above-stick-meta":"","header-main-stick-meta":"","header-below-stick-meta":"","astra-migrate-meta-layouts":"default","ast-page-background-enabled":"default","ast-page-background-meta":{"desktop":{"background-color":"var(--ast-global-color-4)","background-image":"","background-repeat":"repeat","background-position":"center center","background-size":"auto","background-attachment":"scroll","background-type":"","background-media":"","overlay-type":"","overlay-color":"","overlay-opacity":"","overlay-gradient":""},"tablet":{"background-color":"","background-image":"","background-repeat":"repeat","background-position":"center center","background-size":"auto","background-attachment":"scroll","background-type":"","background-media":"","overlay-type":"","overlay-color":"","overlay-opacity":"","overlay-gradient":""},"mobile":{"background-color":"","background-image":"","background-repeat":"repeat","background-position":"center center","background-size":"auto","background-attachment":"scroll","background-type":"","background-media":"","overlay-type":"","overlay-color":"","overlay-opacity":"","overlay-gradient":""}},"ast-content-background-meta":{"desktop":{"background-color":"var(--ast-global-color-5)","background-image":"","background-repeat":"repeat","background-position":"center center","background-size":"auto","background-attachment":"scroll","background-type":"","background-media":"","overlay-type":"","overlay-color":"","overlay-opacity":"","overlay-gradient":""},"tablet":{"background-color":"var(--ast-global-color-5)","background-image":"","background-repeat":"repeat","background-position":"center center","background-size":"auto","background-attachment":"scroll","background-type":"","background-media":"","overlay-type":"","overlay-color":"","overlay-opacity":"","overlay-gradient":""},"mobile":{"background-color":"var(--ast-global-color-5)","background-image":"","background-repeat":"repeat","background-position":"center center","background-size":"auto","background-attachment":"scroll","background-type":"","background-media":"","overlay-type":"","overlay-color":"","overlay-opacity":"","overlay-gradient":""}},"footnotes":""},"class_list":["post-25","page","type-page","status-publish","hentry"],"uagb_featured_image_src":{"full":false,"thumbnail":false,"medium":false,"medium_large":false,"large":false,"1536x1536":false,"2048x2048":false,"trp-custom-language-flag":false,"htliser_size_396x360":false,"htslider_size_1170x536":false},"uagb_author_info":{"display_name":"Alyios","author_link":"https:\/\/bastideramatuelle.com\/fr\/author\/alyios\/"},"uagb_comment_info":0,"uagb_excerpt":"Douceur, Calme, Nature Philosophie Notre H\u00f4tel\u00a0 peut vous accueillir en journ\u00e9ele temps de vous d\u00e9tendre Vous souhaitez vous pr\u00e9parer pour un \u00e9v\u00e8nement important ? Faites une sieste, prenez une douche et prenez du temps pour vous.\u00a0De 9h \u00e0 18h, La Bastide vous offre un refuge dans le temps.\u00a0D\u00e9connectez et retrouvez-vous.Pour un moment d&rsquo;intimit\u00e9, un besoin\u2026","_links":{"self":[{"href":"https:\/\/bastideramatuelle.com\/fr\/wp-json\/wp\/v2\/pages\/25","targetHints":{"allow":["GET"]}}],"collection":[{"href":"https:\/\/bastideramatuelle.com\/fr\/wp-json\/wp\/v2\/pages"}],"about":[{"href":"https:\/\/bastideramatuelle.com\/fr\/wp-json\/wp\/v2\/types\/page"}],"author":[{"embeddable":true,"href":"https:\/\/bastideramatuelle.com\/fr\/wp-json\/wp\/v2\/users\/1"}],"replies":[{"embeddable":true,"href":"https:\/\/bastideramatuelle.com\/fr\/wp-json\/wp\/v2\/comments?post=25"}],"version-history":[{"count":204,"href":"https:\/\/bastideramatuelle.com\/fr\/wp-json\/wp\/v2\/pages\/25\/revisions"}],"predecessor-version":[{"id":728,"href":"https:\/\/bastideramatuelle.com\/fr\/wp-json\/wp\/v2\/pages\/25\/revisions\/728"}],"wp:attachment":[{"href":"https:\/\/bastideramatuelle.com\/fr\/wp-json\/wp\/v2\/media?parent=25"}],"curies":[{"name":"wp","href":"https:\/\/api.w.org\/{rel}","templated":true}]}}