{"id":6,"date":"2021-05-22T10:40:17","date_gmt":"2021-05-22T10:40:17","guid":{"rendered":"http:\/\/localhost\/?page_id=6"},"modified":"2024-05-29T10:05:18","modified_gmt":"2024-05-29T10:05:18","slug":"chambres","status":"publish","type":"page","link":"https:\/\/bastideramatuelle.com\/fr\/chambres\/","title":{"rendered":"Chambres"},"content":{"rendered":"\t\t<div data-elementor-type=\"wp-page\" data-elementor-id=\"6\" class=\"elementor elementor-6\">\n\t\t\t\t\t\t\t\t\t<section class=\"elementor-section elementor-top-section elementor-element elementor-element-a679f51 elementor-section-boxed elementor-section-height-default elementor-section-height-default\" data-id=\"a679f51\" data-element_type=\"section\">\n\t\t\t\t\t\t<div class=\"elementor-container elementor-column-gap-default\">\n\t\t\t\t\t<div class=\"elementor-column elementor-col-33 elementor-top-column elementor-element elementor-element-4ebaaef\" data-id=\"4ebaaef\" data-element_type=\"column\">\n\t\t\t<div class=\"elementor-widget-wrap elementor-element-populated\">\n\t\t\t\t\t\t\t\t<div class=\"elementor-element elementor-element-de5fb0a elementor-widget elementor-widget-heading\" data-id=\"de5fb0a\" data-element_type=\"widget\" data-widget_type=\"heading.default\">\n\t\t\t\t<div class=\"elementor-widget-container\">\n\t\t\t<h2 class=\"elementor-heading-title elementor-size-default\">Chambre Confort\n <br>\u00a0<\/h2>\t\t<\/div>\n\t\t\t\t<\/div>\n\t\t\t\t<div class=\"elementor-element elementor-element-45ea5f7 elementor-arrows-position-inside elementor-pagination-position-outside elementor-widget elementor-widget-image-carousel\" data-id=\"45ea5f7\" data-element_type=\"widget\" data-settings=\"{&quot;slides_to_show&quot;:&quot;1&quot;,&quot;navigation&quot;:&quot;both&quot;,&quot;autoplay&quot;:&quot;yes&quot;,&quot;pause_on_hover&quot;:&quot;yes&quot;,&quot;pause_on_interaction&quot;:&quot;yes&quot;,&quot;autoplay_speed&quot;:5000,&quot;infinite&quot;:&quot;yes&quot;,&quot;effect&quot;:&quot;slide&quot;,&quot;speed&quot;:500}\" data-widget_type=\"image-carousel.default\">\n\t\t\t\t<div class=\"elementor-widget-container\">\n\t\t\t\t\t<div class=\"elementor-image-carousel-wrapper swiper-container\" dir=\"ltr\">\n\t\t\t<div class=\"elementor-image-carousel swiper-wrapper\">\n\t\t\t\t\t\t\t\t<div class=\"swiper-slide\"><figure class=\"swiper-slide-inner\"><img decoding=\"async\" class=\"swiper-slide-image\" src=\"https:\/\/bastideramatuelle.com\/wp-content\/uploads\/2021\/07\/WhatsApp-Image-2021-06-13-at-11.10.29.jpeg\" alt=\"WhatsApp Image 2021-06-13 at 11.10.29\" \/><\/figure><\/div>\t\t\t<\/div>\n\t\t\t\t\t<\/div>\n\t\t\t\t<\/div>\n\t\t\t\t<\/div>\n\t\t\t\t<div class=\"elementor-element elementor-element-d3718ed elementor-widget elementor-widget-ucaddon_content_accordion\" data-id=\"d3718ed\" data-element_type=\"widget\" data-widget_type=\"ucaddon_content_accordion.default\">\n\t\t\t\t<div class=\"elementor-widget-container\">\n\t\t\t\n<!-- start Content Accordion -->\n\t\t<link id='font-awesome-css' href='https:\/\/bastideramatuelle.com\/wp-content\/plugins\/unlimited-elements-for-elementor\/assets_libraries\/font-awesome6\/fontawesome-all.min.css' type='text\/css' rel='stylesheet' >\n\t\t<link id='font-awesome-4-shim-css' href='https:\/\/bastideramatuelle.com\/wp-content\/plugins\/unlimited-elements-for-elementor\/assets_libraries\/font-awesome6\/fontawesome-v4-shims.min.css' type='text\/css' rel='stylesheet' >\n\t\t<link id='uc_ac_assets_file_uc_material_accordion_css_2676-css' href='https:\/\/bastideramatuelle.com\/wp-content\/uploads\/ac_assets\/uc_content_accordion\/uc_material_accordion.css' type='text\/css' rel='stylesheet' >\n\t\t<link id='uc_fonts_googleapis_com_css_family_roboto_500-css' href='https:\/\/fonts.googleapis.com\/css?family=Roboto:500' type='text\/css' rel='stylesheet' >\n\n<style>\/* widget: Content Accordion *\/\n\n.uc_material_accordion .uc_container .uc_content{\n  color: #000000;\n}\n\n.uc_material_accordion .uc_container .uc-heading span.uc_dactive{\n  background-color: #555659;\n  color: ;\n}\n\n.uc_material_accordion .uc_container .uc-heading.active span.uc_active{\n  background-color: #251F1F29;\n  color: ;\n}\n\n\n.uc_material_accordion .uc_container .uc-heading span{\n\tcolor: ;\n}\n\n.uc_material_accordion .uc_container .uc-heading{\n  background-color: #251F1F29;\n  color:;\n  border-radius: 0px;\n}\n\n.uc_material_accordion .uc_container .uc-heading.active{\n  background-color: #251F1F29;\n}\n\n.uc_material_accordion .uc_container .uc-heading em{\n  color: ;\n}\n\n.uc_material_accordion .uc_container .uc-heading.active em{\n\tcolor: ;\n}\n\n.uc_material_accordion .uc_container .uc_btn{\n  border: px solid #6c72e6;\n  background: #858bff;\n  color: #eeeeee;\n  border-radius: px;\n}\n.uc_material_accordion .uc_container .uc_btn:hover{\n  border-color: #858bff;\n  background: #6c72e6;\n  color: #ffffff;\n}\n.uc_material_accordion .uc_container .uc_content{\n  margin-top: 0px;\n  padding: 0px 22px 0px 68px;\n}\n.uc_material_accordion .uc_container .uc_content p{\n  margin: 10px 0 20px;\n}\n\n<\/style>\n\n<div class=\"uc_material_accordion\"  id=\"uc_content_accordion_elementor_d3718ed\">\n  <div class=\"uc_container\">\n    <div class=\"uc_ac_box\" style=\"background-color:#ffffff;\">\n  <div class=\"uc-heading uc_trigger-uc_content_accordion_elementor_d3718ed\">\n    <span class=\"fas fa-plus uc_dactive bbb heading-padding\"><\/span> \n    <span class=\"fas fa-minus uc_active bbb heading-padding\"><\/span><em class=\"heading-padding\">Chambre Confort<\/em>\n  <\/div>\n  \n  <div class=\"uc_content\">\n    <h3><\/h3>\n    \n          <p>Chambre avec salle de douche \u00e0 l\u2019Italienne et toilettes \u2013 jardin priv\u00e9\/ou terrasse privative, acc\u00e8s piscine. Chambre disposant d\u2019un lit Queen-Size \u00e0 tr\u00e8s haute densit\u00e9 \u2013 service \u00e0 th\u00e9 \u2013 bouilloire \u2013 mini-bar \u2013 coffre fort \u2013 wifi \u2013 climatisation \u2013 dressing \u2013 t\u00e9l\u00e9vision \u00e9cran plat \u2013 linge de lit Sonia Rykiel.<\/p>\n          \n            \n  <\/div> \n<\/div>\n\n  <\/div>\n<\/div>\n<!-- end Content Accordion -->\t\t<\/div>\n\t\t\t\t<\/div>\n\t\t\t\t\t<\/div>\n\t\t<\/div>\n\t\t\t\t<div class=\"elementor-column elementor-col-33 elementor-top-column elementor-element elementor-element-e284d8d\" data-id=\"e284d8d\" data-element_type=\"column\">\n\t\t\t<div class=\"elementor-widget-wrap elementor-element-populated\">\n\t\t\t\t\t\t\t\t<div class=\"elementor-element elementor-element-c8208ba elementor-widget elementor-widget-heading\" data-id=\"c8208ba\" data-element_type=\"widget\" data-widget_type=\"heading.default\">\n\t\t\t\t<div class=\"elementor-widget-container\">\n\t\t\t<h2 class=\"elementor-heading-title elementor-size-default\">Chambre Privil\u00e8ge <br>\u00a0<\/h2>\t\t<\/div>\n\t\t\t\t<\/div>\n\t\t\t\t<div class=\"elementor-element elementor-element-576d462 elementor-arrows-position-inside elementor-pagination-position-outside elementor-widget elementor-widget-image-carousel\" data-id=\"576d462\" data-element_type=\"widget\" data-settings=\"{&quot;slides_to_show&quot;:&quot;1&quot;,&quot;navigation&quot;:&quot;both&quot;,&quot;autoplay&quot;:&quot;yes&quot;,&quot;pause_on_hover&quot;:&quot;yes&quot;,&quot;pause_on_interaction&quot;:&quot;yes&quot;,&quot;autoplay_speed&quot;:5000,&quot;infinite&quot;:&quot;yes&quot;,&quot;effect&quot;:&quot;slide&quot;,&quot;speed&quot;:500}\" data-widget_type=\"image-carousel.default\">\n\t\t\t\t<div class=\"elementor-widget-container\">\n\t\t\t\t\t<div class=\"elementor-image-carousel-wrapper swiper-container\" dir=\"ltr\">\n\t\t\t<div class=\"elementor-image-carousel swiper-wrapper\">\n\t\t\t\t\t\t\t\t<div class=\"swiper-slide\"><figure class=\"swiper-slide-inner\"><img decoding=\"async\" class=\"swiper-slide-image\" src=\"https:\/\/bastideramatuelle.com\/wp-content\/uploads\/2021\/07\/WhatsApp-Image-2021-06-13-at-09.55.34.jpeg\" alt=\"WhatsApp Image 2021-06-13 at 09.55.34\" \/><\/figure><\/div><div class=\"swiper-slide\"><figure class=\"swiper-slide-inner\"><img decoding=\"async\" class=\"swiper-slide-image\" src=\"https:\/\/bastideramatuelle.com\/wp-content\/uploads\/2021\/07\/WhatsApp-Image-2021-06-13-at-09.56.24.jpeg\" alt=\"WhatsApp Image 2021-06-13 at 09.56.24\" \/><\/figure><\/div><div class=\"swiper-slide\"><figure class=\"swiper-slide-inner\"><img decoding=\"async\" class=\"swiper-slide-image\" src=\"https:\/\/bastideramatuelle.com\/wp-content\/uploads\/2021\/07\/WhatsApp-Image-2021-06-13-at-10.02.13.jpeg\" alt=\"WhatsApp Image 2021-06-13 at 10.02.13\" \/><\/figure><\/div>\t\t\t<\/div>\n\t\t\t\t\t\t\t\t\t\t\t\t<div class=\"swiper-pagination\"><\/div>\n\t\t\t\t\t\t\t\t\t\t\t\t\t<div class=\"elementor-swiper-button elementor-swiper-button-prev\">\n\t\t\t\t\t\t<i aria-hidden=\"true\" class=\"eicon-chevron-left\"><\/i>\t\t\t\t\t\t<span class=\"elementor-screen-only\">Pr\u00e9c\u00e9dent<\/span>\n\t\t\t\t\t<\/div>\n\t\t\t\t\t<div class=\"elementor-swiper-button elementor-swiper-button-next\">\n\t\t\t\t\t\t<i aria-hidden=\"true\" class=\"eicon-chevron-right\"><\/i>\t\t\t\t\t\t<span class=\"elementor-screen-only\">Suivant<\/span>\n\t\t\t\t\t<\/div>\n\t\t\t\t\t\t\t\t\t<\/div>\n\t\t\t\t<\/div>\n\t\t\t\t<\/div>\n\t\t\t\t<div class=\"elementor-element elementor-element-901d3e1 elementor-widget elementor-widget-ucaddon_content_accordion\" data-id=\"901d3e1\" data-element_type=\"widget\" data-widget_type=\"ucaddon_content_accordion.default\">\n\t\t\t\t<div class=\"elementor-widget-container\">\n\t\t\t\n<!-- start Content Accordion -->\n\n<style>\/* widget: Content Accordion *\/\n\n.uc_material_accordion .uc_container .uc_content{\n  color: #000000;\n}\n\n.uc_material_accordion .uc_container .uc-heading span.uc_dactive{\n  background-color: #555659;\n  color: ;\n}\n\n.uc_material_accordion .uc_container .uc-heading.active span.uc_active{\n  background-color: #251F1F29;\n  color: ;\n}\n\n\n.uc_material_accordion .uc_container .uc-heading span{\n\tcolor: ;\n}\n\n.uc_material_accordion .uc_container .uc-heading{\n  background-color: #251F1F29;\n  color:;\n  border-radius: 0px;\n}\n\n.uc_material_accordion .uc_container .uc-heading.active{\n  background-color: #251F1F29;\n}\n\n.uc_material_accordion .uc_container .uc-heading em{\n  color: ;\n}\n\n.uc_material_accordion .uc_container .uc-heading.active em{\n\tcolor: ;\n}\n\n.uc_material_accordion .uc_container .uc_btn{\n  border: px solid #6c72e6;\n  background: #858bff;\n  color: #eeeeee;\n  border-radius: 30px;\n}\n.uc_material_accordion .uc_container .uc_btn:hover{\n  border-color: #858bff;\n  background: #6c72e6;\n  color: #ffffff;\n}\n.uc_material_accordion .uc_container .uc_content{\n  margin-top: 0px;\n  padding: 0px 22px 0px 68px;\n}\n.uc_material_accordion .uc_container .uc_content p{\n  margin: 10px 0 20px;\n}\n\n<\/style>\n\n<div class=\"uc_material_accordion\"  id=\"uc_content_accordion_elementor_901d3e1\">\n  <div class=\"uc_container\">\n    <div class=\"uc_ac_box\" style=\"background-color:#ffffff;\">\n  <div class=\"uc-heading uc_trigger-uc_content_accordion_elementor_901d3e1\">\n    <span class=\"fas fa-plus uc_dactive bbb heading-padding\"><\/span> \n    <span class=\"fas fa-minus uc_active bbb heading-padding\"><\/span><em class=\"heading-padding\">Chambre Privil\u00e8ge<\/em>\n  <\/div>\n  \n  <div class=\"uc_content\">\n    <h3><\/h3>\n    \n          <p>Chambre spacieuse, salle de bain grand format avec douche \u00e0 l\u2019Italienne. Jardin privatif, table et chaises de jardin. Chambre disposant d\u2019un lit d\u2019un King-size de tr\u00e8s haute qualit\u00e9 \u2013 service \u00e0 th\u00e9 \u2013 bouilloire \u2013 mini-bar \u2013 baie vitr\u00e9e \u2013 acc\u00e8s sur jardin privatif \u2013 coffre fort \u2013 wifi \u2013 climatisation \u2013 dressing \u2013 t\u00e9l\u00e9vision \u00e9cran plat \u2013 linge de lit Sonia Rykiel.<\/p>\n          \n            \n  <\/div> \n<\/div>\n\n  <\/div>\n<\/div>\n<!-- end Content Accordion -->\t\t<\/div>\n\t\t\t\t<\/div>\n\t\t\t\t\t<\/div>\n\t\t<\/div>\n\t\t\t\t<div class=\"elementor-column elementor-col-33 elementor-top-column elementor-element elementor-element-d4f2b32\" data-id=\"d4f2b32\" data-element_type=\"column\">\n\t\t\t<div class=\"elementor-widget-wrap elementor-element-populated\">\n\t\t\t\t\t\t\t\t<div class=\"elementor-element elementor-element-5265880 elementor-widget elementor-widget-heading\" data-id=\"5265880\" data-element_type=\"widget\" data-widget_type=\"heading.default\">\n\t\t\t\t<div class=\"elementor-widget-container\">\n\t\t\t<h2 class=\"elementor-heading-title elementor-size-default\">Chambre Deluxe <br>\u00a0<\/h2>\t\t<\/div>\n\t\t\t\t<\/div>\n\t\t\t\t<div class=\"elementor-element elementor-element-323c794 elementor-arrows-position-inside elementor-pagination-position-outside elementor-widget elementor-widget-image-carousel\" data-id=\"323c794\" data-element_type=\"widget\" data-settings=\"{&quot;slides_to_show&quot;:&quot;1&quot;,&quot;navigation&quot;:&quot;both&quot;,&quot;autoplay&quot;:&quot;yes&quot;,&quot;pause_on_hover&quot;:&quot;yes&quot;,&quot;pause_on_interaction&quot;:&quot;yes&quot;,&quot;autoplay_speed&quot;:5000,&quot;infinite&quot;:&quot;yes&quot;,&quot;effect&quot;:&quot;slide&quot;,&quot;speed&quot;:500}\" data-widget_type=\"image-carousel.default\">\n\t\t\t\t<div class=\"elementor-widget-container\">\n\t\t\t\t\t<div class=\"elementor-image-carousel-wrapper swiper-container\" dir=\"ltr\">\n\t\t\t<div class=\"elementor-image-carousel swiper-wrapper\">\n\t\t\t\t\t\t\t\t<div class=\"swiper-slide\"><figure class=\"swiper-slide-inner\"><img decoding=\"async\" class=\"swiper-slide-image\" src=\"https:\/\/bastideramatuelle.com\/wp-content\/uploads\/2021\/07\/WhatsApp-Image-2021-06-13-at-09.58.24.jpeg\" alt=\"WhatsApp Image 2021-06-13 at 09.58.24\" \/><\/figure><\/div><div class=\"swiper-slide\"><figure class=\"swiper-slide-inner\"><img decoding=\"async\" class=\"swiper-slide-image\" src=\"https:\/\/bastideramatuelle.com\/wp-content\/uploads\/2021\/07\/WhatsApp-Image-2021-06-13-at-10.00.17.jpeg\" alt=\"WhatsApp Image 2021-06-13 at 10.00.17\" \/><\/figure><\/div><div class=\"swiper-slide\"><figure class=\"swiper-slide-inner\"><img decoding=\"async\" class=\"swiper-slide-image\" src=\"https:\/\/bastideramatuelle.com\/wp-content\/uploads\/2021\/07\/WhatsApp-Image-2021-06-13-at-10.01.44.jpeg\" alt=\"WhatsApp Image 2021-06-13 at 10.01.44\" \/><\/figure><\/div><div class=\"swiper-slide\"><figure class=\"swiper-slide-inner\"><img decoding=\"async\" class=\"swiper-slide-image\" src=\"https:\/\/bastideramatuelle.com\/wp-content\/uploads\/2021\/07\/WhatsApp-Image-2021-06-13-at-10.00.50.jpeg\" alt=\"WhatsApp Image 2021-06-13 at 10.00.50\" \/><\/figure><\/div>\t\t\t<\/div>\n\t\t\t\t\t\t\t\t\t\t\t\t<div class=\"swiper-pagination\"><\/div>\n\t\t\t\t\t\t\t\t\t\t\t\t\t<div class=\"elementor-swiper-button elementor-swiper-button-prev\">\n\t\t\t\t\t\t<i aria-hidden=\"true\" class=\"eicon-chevron-left\"><\/i>\t\t\t\t\t\t<span class=\"elementor-screen-only\">Pr\u00e9c\u00e9dent<\/span>\n\t\t\t\t\t<\/div>\n\t\t\t\t\t<div class=\"elementor-swiper-button elementor-swiper-button-next\">\n\t\t\t\t\t\t<i aria-hidden=\"true\" class=\"eicon-chevron-right\"><\/i>\t\t\t\t\t\t<span class=\"elementor-screen-only\">Suivant<\/span>\n\t\t\t\t\t<\/div>\n\t\t\t\t\t\t\t\t\t<\/div>\n\t\t\t\t<\/div>\n\t\t\t\t<\/div>\n\t\t\t\t<div class=\"elementor-element elementor-element-e6d7b10 elementor-widget elementor-widget-ucaddon_content_accordion\" data-id=\"e6d7b10\" data-element_type=\"widget\" data-widget_type=\"ucaddon_content_accordion.default\">\n\t\t\t\t<div class=\"elementor-widget-container\">\n\t\t\t\n<!-- start Content Accordion -->\n\n<style>\/* widget: Content Accordion *\/\n\n.uc_material_accordion .uc_container .uc_content{\n  color: #000000;\n}\n\n.uc_material_accordion .uc_container .uc-heading span.uc_dactive{\n  background-color: #555659;\n  color: ;\n}\n\n.uc_material_accordion .uc_container .uc-heading.active span.uc_active{\n  background-color: #251F1F29;\n  color: ;\n}\n\n\n.uc_material_accordion .uc_container .uc-heading span{\n\tcolor: ;\n}\n\n.uc_material_accordion .uc_container .uc-heading{\n  background-color: #251F1F29;\n  color:;\n  border-radius: 0px;\n}\n\n.uc_material_accordion .uc_container .uc-heading.active{\n  background-color: #251F1F29;\n}\n\n.uc_material_accordion .uc_container .uc-heading em{\n  color: ;\n}\n\n.uc_material_accordion .uc_container .uc-heading.active em{\n\tcolor: ;\n}\n\n.uc_material_accordion .uc_container .uc_btn{\n  border: px solid #6c72e6;\n  background: #858bff;\n  color: #eeeeee;\n  border-radius: 30px;\n}\n.uc_material_accordion .uc_container .uc_btn:hover{\n  border-color: #858bff;\n  background: #6c72e6;\n  color: #ffffff;\n}\n.uc_material_accordion .uc_container .uc_content{\n  margin-top: 0px;\n  padding: 0px 22px 0px 68px;\n}\n.uc_material_accordion .uc_container .uc_content p{\n  margin: 10px 0 20px;\n}\n\n<\/style>\n\n<div class=\"uc_material_accordion\"  id=\"uc_content_accordion_elementor_e6d7b10\">\n  <div class=\"uc_container\">\n    <div class=\"uc_ac_box\" style=\"background-color:#ffffff;\">\n  <div class=\"uc-heading uc_trigger-uc_content_accordion_elementor_e6d7b10\">\n    <span class=\"fas fa-plus uc_dactive bbb heading-padding\"><\/span> \n    <span class=\"fas fa-minus uc_active bbb heading-padding\"><\/span><em class=\"heading-padding\">Chambre Deluxe<\/em>\n  <\/div>\n  \n  <div class=\"uc_content\">\n    <h3><\/h3>\n    \n          <p>Chambre spacieuse, salle de bain grand format avec douche \u00e0 l\u2019Italienne. Jardin privatif, table et chaises de jardin. Chambre disposant d\u2019un lit d\u2019un King-size de tr\u00e8s haute qualit\u00e9 \u2013 service \u00e0 th\u00e9 \u2013 bouilloire \u2013 mini-bar \u2013 baie vitr\u00e9e \u2013 acc\u00e8s sur jardin privatif \u2013 coffre fort \u2013 wifi \u2013 climatisation \u2013 dressing \u2013 t\u00e9l\u00e9vision \u00e9cran plat \u2013 linge de lit Sonia Rykiel.<\/p>\n          \n            \n  <\/div> \n<\/div>\n\n  <\/div>\n<\/div>\n<!-- end Content Accordion -->\t\t<\/div>\n\t\t\t\t<\/div>\n\t\t\t\t\t<\/div>\n\t\t<\/div>\n\t\t\t\t\t\t\t<\/div>\n\t\t<\/section>\n\t\t\t\t\t\t\t<\/div>\n\t\t","protected":false},"excerpt":{"rendered":"<p>Chambre Confort Chambre Confort Chambre avec salle de douche \u00e0 l\u2019Italienne et toilettes \u2013 jardin priv\u00e9\/ou terrasse privative, acc\u00e8s piscine. Chambre disposant d\u2019un lit Queen-Size \u00e0 tr\u00e8s haute densit\u00e9 \u2013 service \u00e0 th\u00e9 \u2013 bouilloire \u2013 mini-bar \u2013 coffre fort \u2013 wifi \u2013 climatisation \u2013 dressing \u2013 t\u00e9l\u00e9vision \u00e9cran plat. Chambre Privil\u00e8ge Previous Next Chambre [&hellip;]<\/p>\n","protected":false},"author":1,"featured_media":0,"parent":0,"menu_order":0,"comment_status":"closed","ping_status":"closed","template":"","meta":{"_eb_attr":"","_uag_custom_page_level_css":"","site-sidebar-layout":"no-sidebar","site-content-layout":"page-builder","ast-site-content-layout":"","site-content-style":"default","site-sidebar-style":"default","ast-global-header-display":"","ast-banner-title-visibility":"","ast-main-header-display":"","ast-hfb-above-header-display":"","ast-hfb-below-header-display":"","ast-hfb-mobile-header-display":"","site-post-title":"disabled","ast-breadcrumbs-content":"","ast-featured-img":"disabled","footer-sml-layout":"","theme-transparent-header-meta":"default","adv-header-id-meta":"","stick-header-meta":"","header-above-stick-meta":"","header-main-stick-meta":"","header-below-stick-meta":"","astra-migrate-meta-layouts":"default","ast-page-background-enabled":"default","ast-page-background-meta":{"desktop":{"background-color":"var(--ast-global-color-4)","background-image":"","background-repeat":"repeat","background-position":"center center","background-size":"auto","background-attachment":"scroll","background-type":"","background-media":"","overlay-type":"","overlay-color":"","overlay-opacity":"","overlay-gradient":""},"tablet":{"background-color":"","background-image":"","background-repeat":"repeat","background-position":"center center","background-size":"auto","background-attachment":"scroll","background-type":"","background-media":"","overlay-type":"","overlay-color":"","overlay-opacity":"","overlay-gradient":""},"mobile":{"background-color":"","background-image":"","background-repeat":"repeat","background-position":"center center","background-size":"auto","background-attachment":"scroll","background-type":"","background-media":"","overlay-type":"","overlay-color":"","overlay-opacity":"","overlay-gradient":""}},"ast-content-background-meta":{"desktop":{"background-color":"var(--ast-global-color-5)","background-image":"","background-repeat":"repeat","background-position":"center center","background-size":"auto","background-attachment":"scroll","background-type":"","background-media":"","overlay-type":"","overlay-color":"","overlay-opacity":"","overlay-gradient":""},"tablet":{"background-color":"var(--ast-global-color-5)","background-image":"","background-repeat":"repeat","background-position":"center center","background-size":"auto","background-attachment":"scroll","background-type":"","background-media":"","overlay-type":"","overlay-color":"","overlay-opacity":"","overlay-gradient":""},"mobile":{"background-color":"var(--ast-global-color-5)","background-image":"","background-repeat":"repeat","background-position":"center center","background-size":"auto","background-attachment":"scroll","background-type":"","background-media":"","overlay-type":"","overlay-color":"","overlay-opacity":"","overlay-gradient":""}},"footnotes":""},"class_list":["post-6","page","type-page","status-publish","hentry"],"uagb_featured_image_src":{"full":false,"thumbnail":false,"medium":false,"medium_large":false,"large":false,"1536x1536":false,"2048x2048":false,"trp-custom-language-flag":false,"htliser_size_396x360":false,"htslider_size_1170x536":false},"uagb_author_info":{"display_name":"Alyios","author_link":"https:\/\/bastideramatuelle.com\/fr\/author\/alyios\/"},"uagb_comment_info":0,"uagb_excerpt":"Chambre Confort Chambre Confort Chambre avec salle de douche \u00e0 l\u2019Italienne et toilettes \u2013 jardin priv\u00e9\/ou terrasse privative, acc\u00e8s piscine. Chambre disposant d\u2019un lit Queen-Size \u00e0 tr\u00e8s haute densit\u00e9 \u2013 service \u00e0 th\u00e9 \u2013 bouilloire \u2013 mini-bar \u2013 coffre fort \u2013 wifi \u2013 climatisation \u2013 dressing \u2013 t\u00e9l\u00e9vision \u00e9cran plat. Chambre Privil\u00e8ge Previous Next Chambre\u2026","_links":{"self":[{"href":"https:\/\/bastideramatuelle.com\/fr\/wp-json\/wp\/v2\/pages\/6","targetHints":{"allow":["GET"]}}],"collection":[{"href":"https:\/\/bastideramatuelle.com\/fr\/wp-json\/wp\/v2\/pages"}],"about":[{"href":"https:\/\/bastideramatuelle.com\/fr\/wp-json\/wp\/v2\/types\/page"}],"author":[{"embeddable":true,"href":"https:\/\/bastideramatuelle.com\/fr\/wp-json\/wp\/v2\/users\/1"}],"replies":[{"embeddable":true,"href":"https:\/\/bastideramatuelle.com\/fr\/wp-json\/wp\/v2\/comments?post=6"}],"version-history":[{"count":69,"href":"https:\/\/bastideramatuelle.com\/fr\/wp-json\/wp\/v2\/pages\/6\/revisions"}],"predecessor-version":[{"id":645,"href":"https:\/\/bastideramatuelle.com\/fr\/wp-json\/wp\/v2\/pages\/6\/revisions\/645"}],"wp:attachment":[{"href":"https:\/\/bastideramatuelle.com\/fr\/wp-json\/wp\/v2\/media?parent=6"}],"curies":[{"name":"wp","href":"https:\/\/api.w.org\/{rel}","templated":true}]}}